{"id":342,"date":"2014-02-01T13:41:17","date_gmt":"2014-02-01T12:41:17","guid":{"rendered":"https:\/\/www.autourduvin-bordeaux.com\/?page_id=342"},"modified":"2021-11-12T21:45:55","modified_gmt":"2021-11-12T20:45:55","slug":"contact-2","status":"publish","type":"page","link":"https:\/\/www.autourduvin-bordeaux.com\/en\/contact-2\/","title":{"rendered":"Contact"},"content":{"rendered":"<h2>AUTOUR DU VIN<\/h2>\n<p><strong>Classroom &#8211; Bordeaux\u00a0<\/strong><br \/>\nVinoth\u00e8que de Bordeaux<br \/>\n8 cours du 30 juillet<br \/>\nParking \u00e0 proximit\u00e9: All\u00e9es de Tourny<br \/>\n<a href=\"https:\/\/www.google.fr\/maps\/place\/La+Vinoth%C3%A8que+de+Bordeaux\/@44.843492,-0.574314,17z\/data=!3m1!4b1!4m2!3m1!1s0xd5527da3e8ca0c3:0xa21f0517413af12\" target=\"_blank\" rel=\"noopener\">Voir le plan<\/a><\/p>\n<p><strong>Administration\u00a0<\/strong><br \/>\n23 rue du Mirail &#8211; Batiment G<br \/>\n33370 Artigues-pr\u00e8s-Bordeaux<br \/>\nAquitaine &#8211; FRANCE<br \/>\ncontact@autourduvin-bordeaux.com<\/p>\n<h2>Tracey Dobbin<\/h2>\n<p>tracey@autourduvin-bordeaux.com<br \/>\n+33 (0)6 45 65 68 46<\/p>\n","protected":false},"excerpt":{"rendered":"<p>AUTOUR DU VIN Classroom &#8211; Bordeaux\u00a0 Vinoth\u00e8que de Bordeaux 8 cours du 30 juillet Parking \u00e0 proximit\u00e9: All\u00e9es de Tourny Voir le plan Administration\u00a0 23 rue du Mirail &#8211; Batiment G 33370 Artigues-pr\u00e8s-Bordeaux Aquitaine &#8211; FRANCE contact@autourduvin-bordeaux.com Tracey Dobbin tracey@autourduvin-bordeaux.com +33 (0)6 45 65 68 46<\/p>\n","protected":false},"author":1,"featured_media":0,"parent":0,"menu_order":8,"comment_status":"open","ping_status":"closed","template":"template-contact.php","meta":{"_acf_changed":false,"footnotes":""},"acf":[],"_links":{"self":[{"href":"https:\/\/www.autourduvin-bordeaux.com\/en\/wp-json\/wp\/v2\/pages\/342"}],"collection":[{"href":"https:\/\/www.autourduvin-bordeaux.com\/en\/wp-json\/wp\/v2\/pages"}],"about":[{"href":"https:\/\/www.autourduvin-bordeaux.com\/en\/wp-json\/wp\/v2\/types\/page"}],"author":[{"embeddable":true,"href":"https:\/\/www.autourduvin-bordeaux.com\/en\/wp-json\/wp\/v2\/users\/1"}],"replies":[{"embeddable":true,"href":"https:\/\/www.autourduvin-bordeaux.com\/en\/wp-json\/wp\/v2\/comments?post=342"}],"version-history":[{"count":21,"href":"https:\/\/www.autourduvin-bordeaux.com\/en\/wp-json\/wp\/v2\/pages\/342\/revisions"}],"predecessor-version":[{"id":9548,"href":"https:\/\/www.autourduvin-bordeaux.com\/en\/wp-json\/wp\/v2\/pages\/342\/revisions\/9548"}],"wp:attachment":[{"href":"https:\/\/www.autourduvin-bordeaux.com\/en\/wp-json\/wp\/v2\/media?parent=342"}],"curies":[{"name":"wp","href":"https:\/\/api.w.org\/{rel}","templated":true}]}}