{"id":468,"date":"2014-02-18T12:25:03","date_gmt":"2014-02-18T11:25:03","guid":{"rendered":"https:\/\/www.autourduvin-bordeaux.com\/?page_id=468"},"modified":"2021-11-12T21:45:57","modified_gmt":"2021-11-12T20:45:57","slug":"copyright-information","status":"publish","type":"page","link":"https:\/\/www.autourduvin-bordeaux.com\/en\/copyright-information\/","title":{"rendered":"Copyright Information"},"content":{"rendered":"<p>Propri\u00e9taire-\u00e9diteur du site www.autourduvin-bordeaux.com :<br \/>\nAutour du Vin<br \/>\n23 rue du Marail &#8211; B\u00e2timent G<br \/>\n33370 Artigues-pr\u00e8s-Bordeaux<br \/>\nFrance<\/p>\n<p><strong>Conception :<\/strong>\u00a0EXCEPTIO<br \/>\n<strong>H\u00e9bergement :\u00a0<\/strong>OVH<br \/>\nSAS au capital de 10 000 000 \u20ac RCS Roubaix \u2013 Tourcoing 424 761 419 00045<br \/>\nCode APE 6202A &#8211; N\u00b0 TVA : FR 22 424 761 419<br \/>\nSi\u00e8ge social : 2 rue Kellermann 59100 Roubaix &#8211; France.\u00a0<strong><br \/>\n<\/strong><\/p>\n<p><strong>Cr\u00e9dits :<br \/>\n<\/strong>Photos :\u00a0Vincent Bengold \/ Bordeaux Code \u2013 EXCEPTIO<br \/>\nTextes : \u00a0EXCEPTIO<\/p>\n<p><strong>Notice l\u00e9gale<\/strong><\/p>\n<p>La soci\u00e9t\u00e9 Autour du Vin, propri\u00e9taire-\u00e9diteur, tient \u00e0 jour le pr\u00e9sent site Internet pour l\u2019usage des personnes l\u00e9galement autoris\u00e9es \u00e0 consommer des boissons alcoolis\u00e9es, et ce dans les pays dans lesquels la consommation de boissons alcoolis\u00e9es est l\u00e9gale.<\/p>\n<p>L\u2019abus d\u2019alcool est dangereux pour la sant\u00e9. A consommer avec mod\u00e9ration.<\/p>\n<p><strong>Territoires faisant l&#8217;objet d&#8217;une restriction :<\/strong><\/p>\n<p>Dans certains pays, il est interdit de consulter un site comme le n\u00f4tre car la l\u00e9gislation locale restreint la vente et\/ou la promotion de boissons alcoolis\u00e9es. Si vous consultez ce site depuis un pays o\u00f9 de telles restrictions s&#8217;appliquent, d\u00e9connectez-vous imm\u00e9diatement. Si vous ne connaissez pas les dispositions de la loi de votre pays \u00e0 ce sujet, nous vous recommandons de quitter ce site et de consulter vos droits avant de continuer.<\/p>\n<p><strong>Contenus<\/strong><\/p>\n<p>Tous les contenus pr\u00e9sent\u00e9s sur ce site sont prot\u00e9g\u00e9s par le droit d&#8217;auteur.<\/p>\n<p>\u00a9 Autour du Vin, 2014<\/p>\n<p>On entend par contenus du site la structure g\u00e9n\u00e9rale, les textes, les images anim\u00e9es ou non, et les sons dont le site est compos\u00e9. Toute repr\u00e9sentation totale ou partielle de ce site et de ses contenus, par quelques proc\u00e9d\u00e9s que ce soient, sans autorisation pr\u00e9alable expresse du propri\u00e9taire-\u00e9diteur, est interdite et constituerait une contrefa\u00e7on sanctionn\u00e9e par les articles L335-2 et suivants du Code de la Propri\u00e9t\u00e9 intellectuelle.<\/p>\n<p>Les lois qui gouvernent ce site sont les lois fran\u00e7aises et les tribunaux comp\u00e9tents sont les tribunaux fran\u00e7ais.<\/p>\n<p>Les marques de commerce, logos et marques de service (collectivement appel\u00e9es &#8220;marques&#8221;) figurant sur le site sont des marques, enregistr\u00e9es ou non, ne peuvent \u00eatre utilis\u00e9es sans l&#8217;autorisation \u00e9crite de leur propri\u00e9taire. Les renseignements ou \u00e9l\u00e9ments figurant sur le site qui peuvent \u00eatre reproduits aux termes des pr\u00e9sentes Mentions l\u00e9gales doivent comporter les avis de droits de propri\u00e9t\u00e9 qui figuraient initialement sur ceux-ci ou en liaison avec ceux-ci. Autour du Vin se r\u00e9serve tous les droits qui ne sont pas express\u00e9ment accord\u00e9s dans les pr\u00e9sentes Mentions l\u00e9gales. Aucune disposition des pr\u00e9sentes Mentions l\u00e9gales ne doit \u00eatre interpr\u00e9t\u00e9e comme conf\u00e9rant une licence ou un droit en vertu d&#8217;un droit d&#8217;auteur, d&#8217;un brevet, d&#8217;une marque de commerce ou d&#8217;un autre droit de propri\u00e9t\u00e9 intellectuelle du propri\u00e9taire-\u00e9diteur ou d&#8217;une autre personne ou entit\u00e9.<\/p>\n<p><strong>Limites de responsabilit\u00e9<\/strong><\/p>\n<p>Autour du Vin s&#8217;efforce au mieux de fournir sur son site Internet des informations exactes et pr\u00e9cises.<\/p>\n<p>Les informations diffus\u00e9es sur ce site Internet ne sont n\u00e9anmoins fournies qu&#8217;\u00e0 titre indicatif et ne rev\u00eatent aucun caract\u00e8re contractuel. Autour du Vin ne peut en effet parfaitement garantir l&#8217;exactitude, la pr\u00e9cision ou l&#8217;exhaustivit\u00e9 des informations mises \u00e0 disposition sur ce site.<\/p>\n<p>En cons\u00e9quence, Autour du Vin exclut toute responsabilit\u00e9 :<\/p>\n<p>\u2022 pour toute impr\u00e9cision, inexactitude ou omission portant sur des informations disponibles sur le site ;<\/p>\n<p>\u2022 pour tous dommages, directs et\/ou indirects, quelles qu&#8217;en soient les causes, origines, natures ou cons\u00e9quences, provoqu\u00e9s \u00e0 raison de l&#8217;acc\u00e8s de quiconque au site ou de l&#8217;impossibilit\u00e9 d&#8217;y acc\u00e9der, de m\u00eame que l&#8217;utilisation du site et\/ou du cr\u00e9dit accord\u00e9 \u00e0 une quelconque information provenant directement ou indirectement du site.<\/p>\n<p>Autour du Vin se r\u00e9serve le droit de modifier ou de corriger le contenu de son site \u00e0 tout moment sans pr\u00e9avis.<\/p>\n<p><strong>Liens hypertextes<\/strong><\/p>\n<p>Toute tentative de transfert d\u2019information vers un site tiers ou de modification des informations contenues sur le site est interdite et peut entra\u00eener des poursuites civiles ou p\u00e9nales entam\u00e9es par le propri\u00e9taire-\u00e9diteur. Celui-ci ne pourra \u00eatre tenu responsable de l&#8217;ensemble des liens hypertextes ou de tout autre \u00e9l\u00e9ment informatique utilis\u00e9, directement ou indirectement, \u00e0 partir du site. Autour du Vin ne garantit pas et ne prend aucun engagement concernant des sites tiers et ne sera pas responsable de leur contenu.<\/p>\n<p><strong>Protection et gestion des donn\u00e9es personnelles<\/strong><\/p>\n<p>Les informations saisies par l\u2019internaute dans des formulaires en ligne sur le pr\u00e9sent site font l\u2019objet d\u2019un traitement automatis\u00e9. Elles peuvent \u00eatre utilis\u00e9es par le propri\u00e9taire-\u00e9diteur dans le cadre d\u2019op\u00e9rations de communication.<\/p>\n<p>En France, les donn\u00e9es personnelles sont notamment prot\u00e9g\u00e9es par la loi n\u00b0 78-17 du 6 janvier 1978, la loi n\u00b0 2004-801 du 6 ao\u00fbt 2004, l&#8217;article L. 226-13 du Code p\u00e9nal et la Directive Europ\u00e9enne du 24 octobre 1995.<\/p>\n<p>Les bases de donn\u00e9es sont prot\u00e9g\u00e9es par les dispositions de la loi du 1er juillet 1998 transposant la directive 96\/9 du 11 mars 1996 relative \u00e0 la protection juridique des bases de donn\u00e9es.<\/p>\n<p>Si vous ne souhaitez plus recevoir d&#8217;information en provenance de Autour du Vin, merci de le faire savoir par email :\u00a0contact@autourduvin-bordeaux.com<\/p>\n<p>Conform\u00e9ment \u00e0 la Loi 78-17 du 6 janvier 1978 relative \u00e0 l\u2019informatique, aux fichiers et aux libert\u00e9s, les utilisateurs disposent \u00e0 tout moment d\u2019un droit d&#8217;acc\u00e8s, de modification, de rectification et de suppression des donn\u00e9es personnelles qui les concernent. Pour exercer ce droit, s\u2019adresser par courrier \u00e0\u00a0: Autour du Vin &#8211;\u00a0 23 rue du Marail &#8211; B\u00e2timent G, 33370 Artigues-pr\u00e8s-Bordeaux, France, ou par email \u00e0 l\u2019adresse suivante\u00a0: contact@autourduvin-bordeaux.com. Aucune information personnelle n\u2019est collect\u00e9e \u00e0 l\u2019insu des utilisateurs ni \u00e9chang\u00e9e, transf\u00e9r\u00e9e, c\u00e9d\u00e9e ou vendue \u00e0 des tiers.<\/p>\n","protected":false},"excerpt":{"rendered":"<p>Propri\u00e9taire-\u00e9diteur du site www.autourduvin-bordeaux.com : Autour du Vin 23 rue du Marail &#8211; B\u00e2timent G 33370 Artigues-pr\u00e8s-Bordeaux France Conception :\u00a0EXCEPTIO H\u00e9bergement :\u00a0OVH SAS au capital de 10 000 000 \u20ac RCS Roubaix \u2013 Tourcoing 424 761 419 00045 Code APE 6202A &#8211; N\u00b0 TVA : FR 22 424 761 419 Si\u00e8ge social : 2 rue [&hellip;]<\/p>\n","protected":false},"author":1,"featured_media":0,"parent":0,"menu_order":16,"comment_status":"open","ping_status":"closed","template":"","meta":{"_acf_changed":false,"footnotes":""},"acf":[],"_links":{"self":[{"href":"https:\/\/www.autourduvin-bordeaux.com\/en\/wp-json\/wp\/v2\/pages\/468"}],"collection":[{"href":"https:\/\/www.autourduvin-bordeaux.com\/en\/wp-json\/wp\/v2\/pages"}],"about":[{"href":"https:\/\/www.autourduvin-bordeaux.com\/en\/wp-json\/wp\/v2\/types\/page"}],"author":[{"embeddable":true,"href":"https:\/\/www.autourduvin-bordeaux.com\/en\/wp-json\/wp\/v2\/users\/1"}],"replies":[{"embeddable":true,"href":"https:\/\/www.autourduvin-bordeaux.com\/en\/wp-json\/wp\/v2\/comments?post=468"}],"version-history":[{"count":3,"href":"https:\/\/www.autourduvin-bordeaux.com\/en\/wp-json\/wp\/v2\/pages\/468\/revisions"}],"predecessor-version":[{"id":991,"href":"https:\/\/www.autourduvin-bordeaux.com\/en\/wp-json\/wp\/v2\/pages\/468\/revisions\/991"}],"wp:attachment":[{"href":"https:\/\/www.autourduvin-bordeaux.com\/en\/wp-json\/wp\/v2\/media?parent=468"}],"curies":[{"name":"wp","href":"https:\/\/api.w.org\/{rel}","templated":true}]}}